{"id":281,"date":"2018-05-29T18:00:13","date_gmt":"2018-05-29T16:00:13","guid":{"rendered":"http:\/\/wendo-provence.fr\/?page_id=281"},"modified":"2024-11-23T13:15:59","modified_gmt":"2024-11-23T12:15:59","slug":"association-wendo-provence","status":"publish","type":"page","link":"http:\/\/wendo-provence.fr\/","title":{"rendered":"ASSOCIATION  WENDO  PROVENCE"},"content":{"rendered":"<div id=\"pl-281\"  class=\"panel-layout\" ><div id=\"pg-281-0\"  class=\"panel-grid panel-no-style\" ><div id=\"pgc-281-0-0\"  class=\"panel-grid-cell\" ><div id=\"panel-281-0-0-0\" class=\"so-panel widget widget_text panel-first-child panel-last-child\" data-index=\"0\" >\t\t\t<div class=\"textwidget\"><p><strong>AUTOD\u00c9FENSE VERBALE &amp; PHYSIQUE<br \/>\n<\/strong><\/p>\n<p><strong>CONFIANCE EN SOI &amp; <\/strong><strong>PR\u00c9VENTION<\/strong><\/p>\n<p>TECHNIQUES SIMPLES ET EFFICACES<\/p>\n<\/div>\n\t\t<\/div><\/div><\/div><div id=\"pg-281-1\"  class=\"panel-grid panel-no-style\" ><div id=\"pgc-281-1-0\"  class=\"panel-grid-cell\" ><div id=\"panel-281-1-0-0\" class=\"so-panel widget widget_text panel-first-child panel-last-child\" data-index=\"1\" ><h3 class=\"widget-title\">STAGE &#038; ATELIERS FEMMES<\/h3>\t\t\t<div class=\"textwidget\"><p>STAGE DE WENDO \/ AUTOD\u00c9FENSE PHYSIQUE<\/p>\n<p><em><span style=\"color: black;\">POUR FEMMES &amp; ADOLESCENTES<\/span><\/em><\/p>\n<p>ATELIERS DE WENDO VERBAL \/ AUTOD\u00c9FENSE VERBALE<\/p>\n<\/div>\n\t\t<\/div><\/div><div id=\"pgc-281-1-1\"  class=\"panel-grid-cell\" ><div id=\"panel-281-1-1-0\" class=\"so-panel widget widget_text panel-first-child panel-last-child\" data-index=\"2\" ><h3 class=\"widget-title\">ATELIERS<\/h3>\t\t\t<div class=\"textwidget\"><p>ATELIERS D-CLICS WEMDO<\/p>\n<p><em><span style=\"color: black;\">MIXTES<\/span><\/em><\/p>\n<p>ATELIERS D-CLICS WEMDO VERBAL<\/p>\n<\/div>\n\t\t<\/div><\/div><\/div><div id=\"pg-281-2\"  class=\"panel-grid panel-has-style\" ><div class=\"panel-row-style panel-row-style-for-281-2\" ><div id=\"pgc-281-2-0\"  class=\"panel-grid-cell\" ><div id=\"panel-281-2-0-0\" class=\"so-panel widget widget_text panel-first-child panel-last-child\" data-index=\"3\" >\t\t\t<div class=\"textwidget\"><p><strong>&#8230;&#8230;&#8230;..\u00a0 2012 &#8211; 2022 <\/strong>\u00a0\u00a0<strong>WENDO PROVENCE a F\u00eat\u00e9 son 10e Anniversaire !\u00a0 &#8230;&#8230;..\u00a0 Campagne de financement \/ <\/strong><strong>Exposition de photographies :\u00a0 <\/strong><a href=\"https:\/\/chanthery.wixsite.com\/wendoprovence\">https:\/\/chanthery.wixsite.com\/wendoprovence<\/a> &#8230;&#8230;.<\/p>\n<p>* <em><strong>ANNE SYLVESTRE<\/strong> MARRAINAIT\u00a0<strong>WENDO PROVENCE<\/strong><\/em> * {{\u00a0<em>Wendo Provence en deuil<\/em>\u00a0 }}<\/p>\n<p><strong>** TYPHAINE D.<\/strong> MARRAINE <strong>WENDO PROVENCE **<\/strong><\/p>\n<p>VID\u00c9O \u00ab <a href=\"https:\/\/youtu.be\/K3iLBiHcPAM\">WENDO PROVENCE<\/a> \u00bb SUR YOUTUBE<\/p>\n<p>VID\u00c9O \u00ab WENDO \u00bb, FO35 SDAS Rennes Mars 2022 :<a href=\"https:\/\/www.youtube.com\/watch?v=D4O79QEJAzs\">\u00a0https:\/\/www.youtube.com\/watch?v=D4O79QEJAzs<\/a><\/p>\n<p>VID\u00c9O \u00ab WENDO VERBAL \u00bb, Jeunesse &amp; Sports 05, Novembre 2024 : <a href=\"https:\/\/www.youtube.com\/watch?v=MrkljBFiePE\">https:\/\/www.youtube.com\/watch?v=MrkljBFiePE<\/a><\/p>\n<p><strong>\u00c9MISSION \u00ab WENDO \u00bb sur RADIO ZINZINE (100.7) 14 septembre 2020\u00a0 \u00a0<\/strong><\/p>\n<!--[if lt IE 9]><script>document.createElement('audio');<\/script><![endif]-->\n<audio class=\"wp-audio-shortcode\" id=\"audio-0-1\" preload=\"none\" style=\"width: 100%;\" controls=\"controls\"><source type=\"audio\/mpeg\" src=\"https:\/\/radiozinzine.org\/emissions\/SAN\/2020\/SAN20200914-67WendoAutodefenseFeminine.mp3?_=1\" \/><a href=\"https:\/\/radiozinzine.org\/emissions\/SAN\/2020\/SAN20200914-67WendoAutodefenseFeminine.mp3\">https:\/\/radiozinzine.org\/emissions\/SAN\/2020\/SAN20200914-67WendoAutodefenseFeminine.mp3<\/a><\/audio>\n<p>\u00ab <em>Le courage cro\u00eet en osant et la peur en h\u00e9sitant.<\/em> \u00bb<\/p>\n<\/div>\n\t\t<\/div><\/div><\/div><\/div><div id=\"pg-281-3\"  class=\"panel-grid panel-has-style\" ><div class=\"panel-row-style panel-row-style-for-281-3\" ><div id=\"pgc-281-3-0\"  class=\"panel-grid-cell\" ><div id=\"panel-281-3-0-0\" class=\"so-panel widget widget_text panel-first-child panel-last-child\" data-index=\"4\" ><div class=\"bloc-quote panel-widget-style panel-widget-style-for-281-3-0-0\" >\t\t\t<div class=\"textwidget\"><p>\u201cLa confiance en soi, l&rsquo;\u00e9galit\u00e9, l\u2019autonomie, la libert\u00e9, le respect, la dignit\u00e9, l&rsquo;acc\u00e8s aux \u00e9tudes et \u00e0 toutes les carri\u00e8res appartiennent aussi aux femmes.\u201d<\/p>\n<p><strong>Virginia Woolf<\/strong><\/p>\n<\/div>\n\t\t<\/div><\/div><\/div><div id=\"pgc-281-3-1\"  class=\"panel-grid-cell\" ><div id=\"panel-281-3-1-0\" class=\"so-panel widget widget_text panel-first-child panel-last-child\" data-index=\"5\" ><div class=\"bloc-quote panel-widget-style panel-widget-style-for-281-3-1-0\" >\t\t\t<div class=\"textwidget\"><p>\u201cSoyez vous-m\u00eame le changement que vous voudriez voir dans le monde.\u201d<\/p>\n<p><strong>Gandhi<\/strong><\/p>\n<\/div>\n\t\t<\/div><\/div><\/div><div id=\"pgc-281-3-2\"  class=\"panel-grid-cell\" ><div id=\"panel-281-3-2-0\" class=\"so-panel widget widget_text panel-first-child panel-last-child\" data-index=\"6\" ><div class=\"bloc-quote panel-widget-style panel-widget-style-for-281-3-2-0\" >\t\t\t<div class=\"textwidget\"><p>\u201cNous sommes tous des acteurs : \u00eatre citoyen.ne, ce n\u2019est pas vivre en soci\u00e9t\u00e9, c\u2019est la changer.\u201d<\/p>\n<p><strong>Augusto Boal<\/strong><\/p>\n<\/div>\n\t\t<\/div><\/div><\/div><div id=\"pgc-281-3-3\"  class=\"panel-grid-cell\" ><div id=\"panel-281-3-3-0\" class=\"so-panel widget widget_text panel-first-child panel-last-child\" data-index=\"7\" ><div class=\"bloc-quote panel-widget-style panel-widget-style-for-281-3-3-0\" >\t\t\t<div class=\"textwidget\"><p>\u201cUn NON n\u2019est pas le d\u00e9but d\u2019un oui potentiel pour celui qui sait insister, mais plut\u00f4t une ligne bien claire qui s\u00e9pare les s\u00e9ducteurs des criminels.\u201d<\/p>\n<p><strong>Boucar Diouf<\/strong><\/p>\n<\/div>\n\t\t<\/div><\/div><\/div><\/div><\/div><div id=\"pg-281-4\"  class=\"panel-grid panel-no-style\" ><div id=\"pgc-281-4-0\"  class=\"panel-grid-cell\" ><div id=\"panel-281-4-0-0\" class=\"so-panel widget widget_text panel-first-child panel-last-child\" data-index=\"8\" >\t\t\t<div class=\"textwidget\"><p>Raison sociale Wendo Provence Association loi 1901\/I.R.N.A. no W044001723\/Marque d\u00e9pos\u00e9e INPI no 164277800<\/p>\n<\/div>\n\t\t<\/div><\/div><\/div><div id=\"pg-281-5\"  class=\"panel-grid panel-no-style\" ><div id=\"pgc-281-5-0\"  class=\"panel-grid-cell\" ><div id=\"panel-281-5-0-0\" class=\"so-panel widget widget_text panel-first-child panel-last-child\" data-index=\"9\" ><div class=\"quote panel-widget-style panel-widget-style-for-281-5-0-0\" >\t\t\t<div class=\"textwidget\"><p>&nbsp;<\/p>\n<p>**\u00a0<strong>Typhaine D<\/strong>,\u00a0 laur\u00e9ate du concours d\u2019\u00e9loquence f\u00e9ministe 2018 de la Fondation des Femmes ; prix Gis\u00e8le Halimi remis par Christiane Taubira.\u00a0<a href=\"https:\/\/youtu.be\/Jc-x-yvYPMs\">https:\/\/youtu.be\/Jc-x-yvYPMs\u00a0<\/a><\/p>\n<p><strong>\/ Photo de banni\u00e8re<\/strong>\u00a0: \u00ab Femmes d\u2019ici et d\u2019ailleurs \u00c9GALES en droits \u00bb, Ligue des Droits et Libert\u00e9s, Section de Qu\u00e9bec. Photo Guitt\u00e9 Hartog. \/<\/p>\n<ul>\n<li><em>\u00a0L\u2019association Wendo Provence peut accepter des dons, des legs et des donations qui serviront \u00e0 la r\u00e9alisation de projets contre les violences faites aux femmes.<\/em><\/li>\n<\/ul>\n<\/div>\n\t\t<\/div><\/div><\/div><\/div><\/div>","protected":false},"excerpt":{"rendered":"<p>AUTOD\u00c9FENSE VERBALE &amp; PHYSIQUE CONFIANCE EN SOI &amp; PR\u00c9VENTION TECHNIQUES SIMPLES ET EFFICACES STAGE DE WENDO \/ AUTOD\u00c9FENSE PHYSIQUE POUR FEMMES &amp; ADOLESCENTES ATELIERS DE WENDO VERBAL \/ AUTOD\u00c9FENSE VERBALE ATELIERS D-CLICS WEMDO MIXTES ATELIERS D-CLICS WEMDO VERBAL<\/p>\n","protected":false},"author":1,"featured_media":0,"parent":0,"menu_order":0,"comment_status":"closed","ping_status":"closed","template":"","meta":{"_mc_calendar":[]},"_links":{"self":[{"href":"http:\/\/wendo-provence.fr\/index.php?rest_route=\/wp\/v2\/pages\/281"}],"collection":[{"href":"http:\/\/wendo-provence.fr\/index.php?rest_route=\/wp\/v2\/pages"}],"about":[{"href":"http:\/\/wendo-provence.fr\/index.php?rest_route=\/wp\/v2\/types\/page"}],"author":[{"embeddable":true,"href":"http:\/\/wendo-provence.fr\/index.php?rest_route=\/wp\/v2\/users\/1"}],"replies":[{"embeddable":true,"href":"http:\/\/wendo-provence.fr\/index.php?rest_route=%2Fwp%2Fv2%2Fcomments&post=281"}],"version-history":[{"count":196,"href":"http:\/\/wendo-provence.fr\/index.php?rest_route=\/wp\/v2\/pages\/281\/revisions"}],"predecessor-version":[{"id":1768,"href":"http:\/\/wendo-provence.fr\/index.php?rest_route=\/wp\/v2\/pages\/281\/revisions\/1768"}],"wp:attachment":[{"href":"http:\/\/wendo-provence.fr\/index.php?rest_route=%2Fwp%2Fv2%2Fmedia&parent=281"}],"curies":[{"name":"wp","href":"https:\/\/api.w.org\/{rel}","templated":true}]}}