{"id":42,"date":"2018-05-28T11:14:01","date_gmt":"2018-05-28T09:14:01","guid":{"rendered":"http:\/\/wendo-provence.fr\/?page_id=42"},"modified":"2021-11-27T18:04:36","modified_gmt":"2021-11-27T17:04:36","slug":"le-wendo","status":"publish","type":"page","link":"http:\/\/wendo-provence.fr\/?page_id=42","title":{"rendered":"Le Wendo"},"content":{"rendered":"<div id=\"pl-42\"  class=\"panel-layout\" ><div id=\"pg-42-0\"  class=\"panel-grid panel-has-style\" ><div class=\"panel-row-style panel-row-style-for-42-0\" ><div id=\"pgc-42-0-0\"  class=\"panel-grid-cell\" ><div id=\"panel-42-0-0-0\" class=\"so-panel widget widget_text panel-first-child panel-last-child\" data-index=\"0\" >\t\t\t<div class=\"textwidget\"><p>En r\u00e9ponse* aux formes de HARC\u00c8LEMENT, de VIOLENCE ou d\u2019AGRESSION auxquelles doivent trop souvent faire face les filles et les femmes, la M\u00e9thode du WENDO a \u00e9t\u00e9 con\u00e7ue dans les ann\u00e9es 60-70 au <strong>CANADA<\/strong>, \u00e0 <strong>Toronto<\/strong>, gr\u00e2ce au couple <strong>Ann et Ned PAIGE<\/strong>, form\u00e9s aux arts martiaux, entour\u00e9s d&rsquo;une \u00e9quipe de professionnel.le.s en pr\u00e9vention et gestion des conflits et de la violence.<br \/>\nLe WENDO est enseign\u00e9 d\u00e8s 1975, dans la province francophone du Canada, au Qu\u00e9bec. \u00c0 <strong>Montr\u00e9al<\/strong>, puis \u00e0 <strong>Qu\u00e9bec<\/strong> : par <strong>Lucie Dextras<\/strong> ; les Associations <strong>Wen-do Qu\u00e9bec inc.<\/strong> et <strong>\u00c9mergence Qu\u00e9bec<\/strong>. Cette m\u00e9thode d&rsquo;autod\u00e9fense a ensuite essaim\u00e9 dans le monde entier gr\u00e2ce \u00e0 des instructrices qu\u00e9b\u00e9coises f\u00e9ministes d\u00fbment form\u00e9es. \u2014 Au Qu\u00e9bec, les Wendokas ont \u00e9t\u00e9 impliqu\u00e9es dans maints projets f\u00e9ministes, sociaux et citoyens : 8 mars, Marche Mondiale des Femmes, D\u00e9mocratie citoyenne et participative, Comit\u00e9s de Citoyen.ne.s, Comit\u00e9s d&rsquo;\u00c9coles et de Quartiers, P\u00e9dagogie de l&rsquo;\u00c9quit\u00e9, Recherche-Action f\u00e9ministe universitaire, Marches exploratoires urbaines, Maisons d&rsquo;h\u00e9bergement pour les femmes et leurs enfants victimes de violence, Viol-Secours, Calacs, Projets coop\u00e9ratifs (garderies, logements, autocom), etc. . \u2014<\/p>\n<\/div>\n\t\t<\/div><\/div><div id=\"pgc-42-0-1\"  class=\"panel-grid-cell\" ><div id=\"panel-42-0-1-0\" class=\"so-panel widget widget_text panel-first-child panel-last-child\" data-index=\"1\" >\t\t\t<div class=\"textwidget\"><p><img decoding=\"async\" loading=\"lazy\" class=\"alignnone size-medium wp-image-206 aligncenter\" src=\"http:\/\/wendo-provence.fr\/wp-content\/uploads\/2018\/05\/Fem.refus_-300x280.jpg\" alt=\"\" width=\"300\" height=\"280\" srcset=\"http:\/\/wendo-provence.fr\/wp-content\/uploads\/2018\/05\/Fem.refus_-300x280.jpg 300w, http:\/\/wendo-provence.fr\/wp-content\/uploads\/2018\/05\/Fem.refus_.jpg 319w\" sizes=\"(max-width: 300px) 100vw, 300px\" \/><\/p>\n<p style=\"text-align: center;\">LA VIOLENCE<\/p>\n<\/div>\n\t\t<\/div><\/div><\/div><\/div><div id=\"pg-42-1\"  class=\"panel-grid panel-has-style\" ><div class=\"panel-row-style panel-row-style-for-42-1\" ><div id=\"pgc-42-1-0\"  class=\"panel-grid-cell\" ><div id=\"panel-42-1-0-0\" class=\"so-panel widget widget_text panel-first-child panel-last-child\" data-index=\"2\" >\t\t\t<div class=\"textwidget\"><p>Le Wendo\u00a0(de\u00a0Wen, contraction de\u00a0women, femmes en anglais, et de\u00a0Do, \u201cchemin\u201d, \u201cvoie\u201d en japonais), c&rsquo;est le chemin, la voie (voix aussi !) des femmes.<\/p>\n<div>\n<div>\n<div>Le Wendo n&rsquo;est NI un \u00ab sport \u00bb, NI un \u00ab art martial \u00bb, NI un \u00ab sport de combat \u00bb, mais\u00a0une m\u00e9thode canadienne d&rsquo;autod\u00e9fense globale au f\u00e9minin : confiance en soi, pr\u00e9vention, autod\u00e9fense.<\/div>\n<div>Au Qu\u00e9bec, un cours de pr\u00e9vention et d&rsquo;autod\u00e9fense est propos\u00e9 aux filles, au Secondaire et au Coll\u00e9gial (C\u00e9gep).\u00a0 Et en France ?&#8230;<\/div>\n<div><\/div>\n<div>N&rsquo;achetez ni gadgets anti-agression ni gants de boxe : votre t\u00eate et votre corps suffisent !<\/div>\n<div><\/div>\n<div>Devise\u00a0: \u00ab\u00a0Soyez Wendo pour demeurer Zendo !\u00a0\u00bb<\/div>\n<\/div>\n<\/div>\n<\/div>\n\t\t<\/div><\/div><\/div><\/div><div id=\"pg-42-2\"  class=\"panel-grid panel-has-style\" ><div class=\"panel-row-style panel-row-style-for-42-2\" ><div id=\"pgc-42-2-0\"  class=\"panel-grid-cell\" ><div id=\"panel-42-2-0-0\" class=\"so-panel widget widget_text panel-first-child panel-last-child\" data-index=\"3\" ><h3 class=\"widget-title\">Objectifs\u00a0\u00a0\u00a0 \u00a0\u00a0\u00a0 \u00a0\u00a0\u00a0 \u00a0\u00a0\u00a0 \u00a0\u00a0\u00a0 \u00a0\u00a0\u00a0 \u00a0\u00a0\u00a0 \u00a0\u00a0\u00a0 \u00a0\u00a0\u00a0 \u00a0\u00a0\u00a0 \u00a0\u00a0\u00a0 \u00a0\u00a0\u00a0 \u00a0\u00a0\u00a0 \u00a0\u00a0\u00a0 \u00a0\u00a0\u00a0 \u00a0\u00a0\u00a0 \u00a0\u00a0\u00a0 \u00a0\u00a0\u00a0 \u00a0\u00a0\u00a0 \u00a0\u00a0\u00a0 \u00a0\u00a0\u00a0 \u00a0\u00a0\u00a0 \u00a0\u00a0\u00a0 \u00a0\u00a0\u00a0 \u00a0\u00a0\u00a0 \u00a0\u00a0\u00a0 \u00a0\u00a0\u00a0 \u00a0\u00a0\u00a0 \u00a0\u00a0\u00a0 \u00a0\u00a0\u00a0 \u00a0\u00a0\u00a0 \u00a0\u00a0\u00a0 \u00a0\u00a0\u00a0\u00a0\u00a0\u00a0<\/h3>\t\t\t<div class=\"textwidget\"><div>\n<div>Destin\u00e9 aux adolescentes et aux femmes,\u00a0le Wendo allie physique et mental, afin<\/div>\n<div>&#8211; de renforcer l\u2019estime de soi\u00a0et la\u00a0confiance en soi<\/div>\n<div>&#8211; de mieux prendre conscience de\u00a0son corps\u00a0et de\u00a0ses forces<\/div>\n<div>&#8211; d\u2019affirmer\u00a0ses\u00a0droits,\u00a0ses\u00a0valeurs, sa dignit\u00e9, sa libert\u00e9<\/div>\n<div><\/div>\n<div>Les techniques du Wendo servent dans toutes les situations de la vie quotidienne,\u00a0personnelle et professionnelle : elles renforcent la confiance en soi et facilitent la gestion du stress et des conflits.<\/div>\n<\/div>\n<div>&#8211; Le Wendo favorise le dialogue, le respect et l&rsquo;\u00e9galit\u00e9 entre les sexes et les personnes.<\/div>\n<div>\n<div>&#8211; Le Wendo enseigne\u00a0la vigilance et la pr\u00e9vention, des\u00a0r\u00e9flexes\u00a0et des\u00a0techniques de dissuasion\u00a0et d\u2019autod\u00e9fense :\u00a0des ripostes appropri\u00e9es et graduelles en cas de\u00a0l\u00e9gitime d\u00e9fense.<\/div>\n<div>\n<div>\n<div>\n<div>\n<div>&#8211; Le Wendo permet\u00a0aux\u00a0filles\u00a0et\u00a0aux femmes, conscientis\u00e9es et sororales\u00a0: de se lib\u00e9rer des pr\u00e9jug\u00e9s et des st\u00e9r\u00e9otypes de genre pour mieux vivre, \u00e9tudier, travailler, voyager ; d&rsquo;assimiler des techniques simples et efficaces pour faire face \u00e0 diff\u00e9rentes formes de stress, de conflit, de violence, d&rsquo;agression (verbales, psychologiques, physiques, sexuelles).<\/div>\n<div>R\u00e9serv\u00e9 en priorit\u00e9 aux adolescentes et aux femmes et enseign\u00e9 par des femmes,\u00a0 le\u00a0Wendo\u00a0n&rsquo;est pas anti hommes, mais bien\u00a0anti agresseurs, harceleurs, sexistes.<\/div>\n<\/div>\n<\/div>\n<\/div>\n<\/div>\n<\/div>\n<\/div>\n\t\t<\/div><\/div><\/div><\/div><div id=\"pg-42-3\"  class=\"panel-grid panel-has-style\" ><div class=\"panel-row-style panel-row-style-for-42-3\" ><div id=\"pgc-42-3-0\"  class=\"panel-grid-cell\" ><div id=\"panel-42-3-0-0\" class=\"so-panel widget widget_text panel-first-child panel-last-child\" data-index=\"4\" ><div class=\"quote panel-widget-style panel-widget-style-for-42-3-0-0\" >\t\t\t<div class=\"textwidget\"><div>*\u00a0En\u00a0r\u00e9action, plus pr\u00e9cis\u00e9ment, au meurtre de\u00a0Catherine (Kitty) Genovese, poignard\u00e9e, viol\u00e9e, assassin\u00e9e le 13 mars\u00a01964\u00a0\u00e0\u00a0New York, \u00a0\u00e0 port\u00e9e de voix de nombreux voisins, chacun comptant sur l\u2019autre pour mieux mesurer la gravit\u00e9 de la situation et alerter la police&#8230;<\/div>\n<div>Cf.<\/div>\n<div>&#8211; Film\u00a0: \u00a038 t\u00e9moins\u00a0de Lucas Belvaux (2012) ;<\/div>\n<div>&#8211; livres :\u00a0\u00a0Est-ce ainsi que les femmes meurent ?\u00a0de Didier Decoin.\u00a0De bons voisins, de Ryan David Jahn. Voir sur Wikip\u00e9dia : \u00ab Effet du t\u00e9moin \u00bb ; \u00ab Meurtre de Kitty Genovese \u00bb.<\/div>\n<\/div>\n\t\t<\/div><\/div><\/div><\/div><\/div><\/div>","protected":false},"excerpt":{"rendered":"<p>En r\u00e9ponse* aux formes de HARC\u00c8LEMENT, de VIOLENCE ou d\u2019AGRESSION auxquelles doivent trop souvent faire face les filles et les femmes, la M\u00e9thode du WENDO a \u00e9t\u00e9 con\u00e7ue dans les ann\u00e9es 60-70 au CANADA, \u00e0 Toronto, gr\u00e2ce au couple Ann et Ned PAIGE, form\u00e9s aux arts martiaux, entour\u00e9s d&rsquo;une \u00e9quipe de professionnel.le.s en pr\u00e9vention et [&hellip;]<\/p>\n","protected":false},"author":1,"featured_media":0,"parent":0,"menu_order":0,"comment_status":"closed","ping_status":"closed","template":"","meta":{"_mc_calendar":[]},"_links":{"self":[{"href":"http:\/\/wendo-provence.fr\/index.php?rest_route=\/wp\/v2\/pages\/42"}],"collection":[{"href":"http:\/\/wendo-provence.fr\/index.php?rest_route=\/wp\/v2\/pages"}],"about":[{"href":"http:\/\/wendo-provence.fr\/index.php?rest_route=\/wp\/v2\/types\/page"}],"author":[{"embeddable":true,"href":"http:\/\/wendo-provence.fr\/index.php?rest_route=\/wp\/v2\/users\/1"}],"replies":[{"embeddable":true,"href":"http:\/\/wendo-provence.fr\/index.php?rest_route=%2Fwp%2Fv2%2Fcomments&post=42"}],"version-history":[{"count":35,"href":"http:\/\/wendo-provence.fr\/index.php?rest_route=\/wp\/v2\/pages\/42\/revisions"}],"predecessor-version":[{"id":1466,"href":"http:\/\/wendo-provence.fr\/index.php?rest_route=\/wp\/v2\/pages\/42\/revisions\/1466"}],"wp:attachment":[{"href":"http:\/\/wendo-provence.fr\/index.php?rest_route=%2Fwp%2Fv2%2Fmedia&parent=42"}],"curies":[{"name":"wp","href":"https:\/\/api.w.org\/{rel}","templated":true}]}}