{"id":496,"date":"2018-05-30T16:49:19","date_gmt":"2018-05-30T14:49:19","guid":{"rendered":"http:\/\/wendo-provence.fr\/?page_id=496"},"modified":"2020-05-16T15:46:45","modified_gmt":"2020-05-16T13:46:45","slug":"stage-de-wendo","status":"publish","type":"page","link":"http:\/\/wendo-provence.fr\/?page_id=496","title":{"rendered":"Stages de Wendo"},"content":{"rendered":"<div id=\"pl-496\"  class=\"panel-layout\" ><div id=\"pg-496-0\"  class=\"panel-grid panel-no-style\" ><div id=\"pgc-496-0-0\"  class=\"panel-grid-cell\" ><div id=\"panel-496-0-0-0\" class=\"so-panel widget widget_text panel-first-child panel-last-child\" data-index=\"0\" ><div class=\"panel-widget-style panel-widget-style-for-496-0-0-0\" ><h3 class=\"widget-title\">Stage de Wendo<\/h3>\t\t\t<div class=\"textwidget\"><p><em>&#8230; Femmes &amp; Adolescentes &#8230;<\/em><\/p>\n<p>______________________<\/p>\n<p>Journ\u00e9e \/ 9h30 &#8211; 17h30<br \/>\n______________________<\/p>\n<p>Modules \/ 3h30<\/p>\n<p><strong>Niveau I\u00a0<\/strong> \u00ab Wendo D\u00e9couverte \u00bb<\/p>\n<p><strong>Niveau II\u00a0<\/strong> \u00ab Wendo + \u00bb<\/p>\n<\/div>\n\t\t<\/div><\/div><\/div><div id=\"pgc-496-0-1\"  class=\"panel-grid-cell\" ><div id=\"panel-496-0-1-0\" class=\"so-panel widget widget_text panel-first-child panel-last-child\" data-index=\"1\" ><div class=\"panel-widget-style panel-widget-style-for-496-0-1-0\" ><h3 class=\"widget-title\">\u00ab Niveaux III &#038; IV \u00bb<\/h3>\t\t\t<div class=\"textwidget\"><p><em><strong>Pour les Anciennes<\/strong><\/em><\/p>\n<p><strong>Niveau III<\/strong>\u00a0 \u00ab Wendokas \u00bb \/ Perfectionnement<\/p>\n<p><strong>Niveau IV<\/strong>\u00a0 \u00ab Wendo Randori \u00bb \/ Pratique libre<\/p>\n<p>________________________________<\/p>\n<p><strong>\u00c9v\u00e8nement annuel\u00a0 \u00ab Wendo en F\u00eate \u00bb <\/strong><\/p>\n<\/div>\n\t\t<\/div><\/div><\/div><\/div><div id=\"pg-496-1\"  class=\"panel-grid panel-no-style\" ><div id=\"pgc-496-1-0\"  class=\"panel-grid-cell\" ><div id=\"panel-496-1-0-0\" class=\"so-panel widget widget_text panel-first-child\" data-index=\"2\" ><h3 class=\"widget-title\">D\u00e9roulement du stage<\/h3>\t\t\t<div class=\"textwidget\"><p><strong>Premi\u00e8re partie<\/strong><br \/>\nConditionnements socioculturels et psychologiques\u00a0(mythes, st\u00e9r\u00e9otypes de genre ; r\u00f4les ; \u00e9motions ; peur-s ; confiance en soi ; etc.)<br \/>\nPr\u00e9vention\u00a0et\u00a0Information\u00a0(ressources).<br \/>\n<strong>Deuxi\u00e8me\u00a0partie<\/strong><br \/>\nPrincipes de base\u00a0du Wendo\u00a0: philosophiques et \u00e9thiques (non-violence et respect mutuel) \/ respiratoires et corporels (calme, \u00e9nergie, assurance, force, d\u00e9termination).<br \/>\n<strong>Troisi\u00e8me partie<\/strong><br \/>\nApprentissage des\u00a0Techniques\u00a0de Pr\u00e9vention, de Pacification et d&rsquo;Autod\u00e9fense (simples et efficaces)<br \/>\nConnaissance du Corps\u00a0(agress\u00e9e \/ agresseur).<br \/>\n<strong>Quatri\u00e8me partie<\/strong><br \/>\nPratique\u00a0:\u00a0Contextes ;\u00a0 Situations \/\u00a0\u00ab\u00a0Gradation Wendo\u00a0\u00bb\u00a0: Dissuasion ; \u00a0\u00a0 Wendo verbal\u00a0 \/\u00a0 Blocages ; D\u00e9prises\u00a0 \/\u00a0 Contre-attaques.\u00a0\u00a0\u00ab\u00a0L\u00e9gitime d\u00e9fense\u00a0\u00bb.<\/p>\n<\/div>\n\t\t<\/div><div id=\"panel-496-1-0-1\" class=\"so-panel widget widget_text panel-last-child\" data-index=\"3\" ><div class=\"panel-widget-style panel-widget-style-for-496-1-0-1\" >\t\t\t<div class=\"textwidget\"><p>Tenue sport\u00a0confortable<br \/>\npique-nique\u00a0\u00e0 partager le midi (formule du stage)<br \/>\nSororit\u00e9\u00a0&amp;\u00a0Bonne humeur\u00a0assur\u00e9es<\/p>\n<p>&nbsp;<\/p>\n<\/div>\n\t\t<\/div><\/div><\/div><\/div><\/div>","protected":false},"excerpt":{"rendered":"<p>&#8230; Femmes &amp; Adolescentes &#8230; ______________________ Journ\u00e9e \/ 9h30 &#8211; 17h30 ______________________ Modules \/ 3h30 Niveau I\u00a0 \u00ab Wendo D\u00e9couverte \u00bb Niveau II\u00a0 \u00ab Wendo + \u00bb Pour les Anciennes Niveau III\u00a0 \u00ab Wendokas \u00bb \/ Perfectionnement Niveau IV\u00a0 \u00ab Wendo Randori \u00bb \/ Pratique libre ________________________________ \u00c9v\u00e8nement annuel\u00a0 \u00ab Wendo en F\u00eate \u00bb Premi\u00e8re [&hellip;]<\/p>\n","protected":false},"author":1,"featured_media":761,"parent":0,"menu_order":0,"comment_status":"closed","ping_status":"closed","template":"","meta":{"_mc_calendar":[]},"_links":{"self":[{"href":"http:\/\/wendo-provence.fr\/index.php?rest_route=\/wp\/v2\/pages\/496"}],"collection":[{"href":"http:\/\/wendo-provence.fr\/index.php?rest_route=\/wp\/v2\/pages"}],"about":[{"href":"http:\/\/wendo-provence.fr\/index.php?rest_route=\/wp\/v2\/types\/page"}],"author":[{"embeddable":true,"href":"http:\/\/wendo-provence.fr\/index.php?rest_route=\/wp\/v2\/users\/1"}],"replies":[{"embeddable":true,"href":"http:\/\/wendo-provence.fr\/index.php?rest_route=%2Fwp%2Fv2%2Fcomments&post=496"}],"version-history":[{"count":49,"href":"http:\/\/wendo-provence.fr\/index.php?rest_route=\/wp\/v2\/pages\/496\/revisions"}],"predecessor-version":[{"id":1372,"href":"http:\/\/wendo-provence.fr\/index.php?rest_route=\/wp\/v2\/pages\/496\/revisions\/1372"}],"wp:featuredmedia":[{"embeddable":true,"href":"http:\/\/wendo-provence.fr\/index.php?rest_route=\/wp\/v2\/media\/761"}],"wp:attachment":[{"href":"http:\/\/wendo-provence.fr\/index.php?rest_route=%2Fwp%2Fv2%2Fmedia&parent=496"}],"curies":[{"name":"wp","href":"https:\/\/api.w.org\/{rel}","templated":true}]}}