{"id":580,"date":"2018-06-07T14:23:35","date_gmt":"2018-06-07T12:23:35","guid":{"rendered":"http:\/\/wendo-provence.fr\/?page_id=580"},"modified":"2025-09-08T15:28:30","modified_gmt":"2025-09-08T13:28:30","slug":"stage-de-wendo-verbal","status":"publish","type":"page","link":"http:\/\/wendo-provence.fr\/?page_id=580","title":{"rendered":"Ateliers de Wendo verbal \/ Autod\u00e9fense verbale"},"content":{"rendered":"<div id=\"pl-580\"  class=\"panel-layout\" ><div id=\"pg-580-0\"  class=\"panel-grid panel-no-style\" ><div id=\"pgc-580-0-0\"  class=\"panel-grid-cell\" ><div id=\"panel-580-0-0-0\" class=\"so-panel widget widget_text panel-first-child\" data-index=\"0\" >\t\t\t<div class=\"textwidget\"><p>Autod\u00e9fense verbale\u00a0 &amp;\u00a0 Formation relationnelle<\/p>\n<p><em>&#8230; Femmes\u00a0 &amp;\u00a0 Adolescentes &#8230;<br \/>\n<\/em><\/p>\n<\/div>\n\t\t<\/div><div id=\"panel-580-0-0-1\" class=\"so-panel widget widget_text panel-last-child\" data-index=\"1\" >\t\t\t<div class=\"textwidget\"><p>&#8230; Posture Positive Wendo &amp; Bons\u00a0Mots pour se lib\u00e9rer des Maux !&#8230;<br \/>\n\u00ab\u00a0Riposter sans violence, c\u2019est Inventer de nouveaux modes de relation\u00a0!\u00a0\u00bb\u00a0 \u00ab Pratiquons l&rsquo;art de nous exprimer, de dire les choses avec confiance, assurance, intelligence, sensibilit\u00e9, partage ! \u00bb<\/p>\n<p><em><strong>&lsquo;Carquois&rsquo;<\/strong><\/em>\u00a0est un <strong>Dictionnaire d&rsquo;Autod\u00e9fense Verbale <\/strong>! \u00a0Cr\u00e9\u00e9 en 2022, il est mis \u00e0 jour et augment\u00e9 chaque ann\u00e9e. Il est accessible aux stagiaires de nos Ateliers de Wendo Verbal, gr\u00e2ce \u00e0 l&rsquo;AMU (Aix-Marseille Universit\u00e9).<\/p>\n<\/div>\n\t\t<\/div><\/div><\/div><div id=\"pg-580-1\"  class=\"panel-grid panel-no-style\" ><div id=\"pgc-580-1-0\"  class=\"panel-grid-cell\" ><div id=\"panel-580-1-0-0\" class=\"so-panel widget widget_text panel-first-child panel-last-child\" data-index=\"2\" >\t\t\t<div class=\"textwidget\"><p><strong>.<\/strong>\u00a0 ATELIER D-CLICS WENDO VERBAL I (3h30) Base<\/p>\n<p>12-14 stagiaires<\/p>\n<p><strong>.<\/strong>\u00a0 ATELIER D-CLICS WENDO VERBAL II (3h30) Entra\u00eenement<\/p>\n<\/div>\n\t\t<\/div><\/div><\/div><div id=\"pg-580-2\"  class=\"panel-grid panel-no-style\" ><div id=\"pgc-580-2-0\"  class=\"panel-grid-cell\" ><div id=\"panel-580-2-0-0\" class=\"so-panel widget widget_text panel-first-child panel-last-child\" data-index=\"3\" ><h3 class=\"widget-title\">Autod\u00e9fense verbale &#038; Comp\u00e9tences relationnelles<\/h3>\t\t\t<div class=\"textwidget\"><p>Vie Priv\u00e9e, Personnelle, Sociale, Scolaire, Professionnelle, Publique<\/p>\n<p>* Nous exprimer avec Clart\u00e9, Fermet\u00e9, Assurance<\/p>\n<p>* Renforcer notre Estime de soi, notre Confiance en soi, notre Assertivit\u00e9<\/p>\n<p>* Pr\u00e9venir, D\u00e9samorcer ou Stopper une agression (Verbale, Comportementale, Physique)<\/p>\n<p>* Garder notre Calme et faire respecter nos Limites<\/p>\n<p>* Identifier les Agressions Verbales<\/p>\n<p>* Conna\u00eetre nos Droits et les Lois<\/p>\n<p>* Poss\u00e9der des Techniques d&rsquo;autod\u00e9fense verbale<\/p>\n<p>* Cr\u00e9er des Ripostes verbales ad\u00e9quates<\/p>\n<p>* D\u00e9velopper notre Sens de la R\u00e9partie<\/p>\n<\/div>\n\t\t<\/div><\/div><\/div><div id=\"pg-580-3\"  class=\"panel-grid panel-no-style\" ><div id=\"pgc-580-3-0\"  class=\"panel-grid-cell\" ><div id=\"panel-580-3-0-0\" class=\"so-panel widget widget_text panel-first-child panel-last-child\" data-index=\"4\" >\t\t\t<div class=\"textwidget\"><p>Favoriser le Dialogue, le Respect mutuel \/ Renforcer notre Autonomie, notre R\u00e9activit\u00e9<\/p>\n<\/div>\n\t\t<\/div><\/div><\/div><div id=\"pg-580-4\"  class=\"panel-grid panel-no-style\" ><div id=\"pgc-580-4-0\"  class=\"panel-grid-cell\" ><div id=\"panel-580-4-0-0\" class=\"so-panel widget widget_text panel-first-child panel-last-child\" data-index=\"5\" ><div class=\"panel-widget-style panel-widget-style-for-580-4-0-0\" >\t\t\t<div class=\"textwidget\"><p>Le Wendo (philosophie, techniques), mais aussi des outils emprunt\u00e9s \u00e0 la litt\u00e9rature, \u00e0 la p\u00e9dagogie de l\u2019\u00e9quit\u00e9, \u00e0 la psychologie, aux th\u00e9rapies br\u00e8ves, \u00e0 l\u2019analyse transactionnelle, \u00e0 la sociolinguistique, au th\u00e9\u00e2tre forum\u2026 ont enrichi la mati\u00e8re de nos ateliers de formation relationnelle et d\u2019autod\u00e9fense verbale. Un peu de th\u00e9orie, des documents, des exercices, des \u00e9changes interactifs, ludiques, constructifs et solidaires.<\/p>\n<p><iframe loading=\"lazy\" title=\"Conf\u00e9rence sur l&#039;autod\u00e9fense en wendo verbal  par Chantal Th\u00e9ry \u00e0 Gap.\" src=\"https:\/\/www.youtube.com\/embed\/MrkljBFiePE?feature=oembed\" frameborder=\"0\" allow=\"accelerometer; autoplay; clipboard-write; encrypted-media; gyroscope; picture-in-picture; web-share\" referrerpolicy=\"strict-origin-when-cross-origin\" allowfullscreen><\/iframe><\/p>\n<\/div>\n\t\t<\/div><\/div><\/div><\/div><\/div>","protected":false},"excerpt":{"rendered":"<p>Autod\u00e9fense verbale\u00a0 &amp;\u00a0 Formation relationnelle &#8230; Femmes\u00a0 &amp;\u00a0 Adolescentes &#8230; &#8230; Posture Positive Wendo &amp; Bons\u00a0Mots pour se lib\u00e9rer des Maux !&#8230; \u00ab\u00a0Riposter sans violence, c\u2019est Inventer de nouveaux modes de relation\u00a0!\u00a0\u00bb\u00a0 \u00ab Pratiquons l&rsquo;art de nous exprimer, de dire les choses avec confiance, assurance, intelligence, sensibilit\u00e9, partage ! \u00bb &lsquo;Carquois&rsquo;\u00a0est un Dictionnaire d&rsquo;Autod\u00e9fense Verbale [&hellip;]<\/p>\n","protected":false},"author":1,"featured_media":718,"parent":0,"menu_order":0,"comment_status":"closed","ping_status":"closed","template":"","meta":{"_mc_calendar":[]},"_links":{"self":[{"href":"http:\/\/wendo-provence.fr\/index.php?rest_route=\/wp\/v2\/pages\/580"}],"collection":[{"href":"http:\/\/wendo-provence.fr\/index.php?rest_route=\/wp\/v2\/pages"}],"about":[{"href":"http:\/\/wendo-provence.fr\/index.php?rest_route=\/wp\/v2\/types\/page"}],"author":[{"embeddable":true,"href":"http:\/\/wendo-provence.fr\/index.php?rest_route=\/wp\/v2\/users\/1"}],"replies":[{"embeddable":true,"href":"http:\/\/wendo-provence.fr\/index.php?rest_route=%2Fwp%2Fv2%2Fcomments&post=580"}],"version-history":[{"count":46,"href":"http:\/\/wendo-provence.fr\/index.php?rest_route=\/wp\/v2\/pages\/580\/revisions"}],"predecessor-version":[{"id":1784,"href":"http:\/\/wendo-provence.fr\/index.php?rest_route=\/wp\/v2\/pages\/580\/revisions\/1784"}],"wp:featuredmedia":[{"embeddable":true,"href":"http:\/\/wendo-provence.fr\/index.php?rest_route=\/wp\/v2\/media\/718"}],"wp:attachment":[{"href":"http:\/\/wendo-provence.fr\/index.php?rest_route=%2Fwp%2Fv2%2Fmedia&parent=580"}],"curies":[{"name":"wp","href":"https:\/\/api.w.org\/{rel}","templated":true}]}}