{"id":8,"date":"2018-05-28T10:30:19","date_gmt":"2018-05-28T08:30:19","guid":{"rendered":"http:\/\/wendo-provence.fr\/?page_id=8"},"modified":"2021-11-27T18:10:17","modified_gmt":"2021-11-27T17:10:17","slug":"accueil","status":"publish","type":"page","link":"http:\/\/wendo-provence.fr\/?page_id=8","title":{"rendered":"L&rsquo;association Wendo Provence"},"content":{"rendered":"<div id=\"pl-8\"  class=\"panel-layout\" ><div id=\"pg-8-0\"  class=\"panel-grid panel-no-style\" ><div id=\"pgc-8-0-0\"  class=\"panel-grid-cell\" ><div id=\"panel-8-0-0-0\" class=\"so-panel widget widget_text panel-first-child panel-last-child\" data-index=\"0\" ><h3 class=\"widget-title\">Mandat de Wendo Provence<\/h3>\t\t\t<div class=\"textwidget\"><p>Mieux outiller les femmes et les adolescentes contre les violences physiques et verbales. Faire conna\u00eetre et diffuser le Wendo en France.<\/p>\n<p>\u2022 Dispenser, en priorit\u00e9, des stages de pr\u00e9vention de la violence** et d\u2019autod\u00e9fense* pour les adolescentes et les femmes (selon la m\u00e9thode canadienne du Wendo, ses r\u00e8gles et ses principes) dans le Sud-Est de la France (r\u00e9gion Paca)<br \/>\n\u2022 D\u00e9velopper et dispenser des ateliers de Wendo verbal (Formation relationnelle et Autod\u00e9fense verbale I &amp; II)<br \/>\n\u2022 D\u00e9velopper et dispenser des ateliers D-Clics Wemdo et Wemdo verbal mixtes : \u00c9ducation, Associations \/Jeunes, Enfants (&lsquo;Wemdo Minots&rsquo;), etc.<br \/>\n\u2022 Dispenser des stages et des ateliers de formation professionnelle continue (Wendo Pro ; Wemdo Pro)<br \/>\n\u2022 Former des instructrices et des animatrices<br \/>\n\u2022 D\u00e9fendre et promouvoir les valeurs de l\u2019association aupr\u00e8s de nos stagiaires, de nos membres et de la population<br \/>\n\u2022 Favoriser les regroupements solidaires et diffuser l&rsquo;information afin de cr\u00e9er une force collective et des r\u00e9seaux d\u2019\u00e9change<br \/>\n\u2022 Favoriser le partenariat \u2013 par des \u00e9changes et des projets \u2013 avec des minist\u00e8res, des organismes et des associations (fran\u00e7ais, europ\u00e9ens et internationaux) engag\u00e9s dans la non-violence, l&rsquo;\u00e9ducation et l&rsquo;\u00e9galit\u00e9 entre les sexes.<\/p>\n<\/div>\n\t\t<\/div><\/div><div id=\"pgc-8-0-1\"  class=\"panel-grid-cell\" ><div id=\"panel-8-0-1-0\" class=\"so-panel widget widget_media_image panel-first-child panel-last-child\" data-index=\"1\" ><img width=\"640\" height=\"572\" src=\"http:\/\/wendo-provence.fr\/wp-content\/uploads\/2018\/06\/Mandat-1024x915.jpeg\" class=\"image wp-image-711  attachment-large size-large\" alt=\"\" decoding=\"async\" loading=\"lazy\" style=\"max-width: 100%; height: auto;\" srcset=\"http:\/\/wendo-provence.fr\/wp-content\/uploads\/2018\/06\/Mandat-1024x915.jpeg 1024w, http:\/\/wendo-provence.fr\/wp-content\/uploads\/2018\/06\/Mandat-300x268.jpeg 300w, http:\/\/wendo-provence.fr\/wp-content\/uploads\/2018\/06\/Mandat-768x686.jpeg 768w, http:\/\/wendo-provence.fr\/wp-content\/uploads\/2018\/06\/Mandat-600x536.jpeg 600w, http:\/\/wendo-provence.fr\/wp-content\/uploads\/2018\/06\/Mandat.jpeg 1443w\" sizes=\"(max-width: 640px) 100vw, 640px\" \/><\/div><\/div><\/div><div id=\"pg-8-1\"  class=\"panel-grid panel-has-style\" ><div class=\"panel-row-style panel-row-style-for-8-1\" ><div id=\"pgc-8-1-0\"  class=\"panel-grid-cell\" ><div id=\"panel-8-1-0-0\" class=\"so-panel widget widget_text panel-first-child\" data-index=\"2\" >\t\t\t<div class=\"textwidget\"><p>\u2022 <strong>Wendo Provence<\/strong> est une association f\u00e9ministe et la\u00efque, de d\u00e9fense des droits, d&rsquo;\u00e9ducation et de formation, qui lutte, en priorit\u00e9, contre le sexisme et les violences faites aux filles et aux femmes.<br \/>\n\u2022 L\u2019\u00e9galit\u00e9, le respect, la s\u00e9curit\u00e9, l\u2019autonomie, la libert\u00e9, la dignit\u00e9 \u2013 et la d\u00e9mocratie \u2013, doivent d&rsquo;abord se vivre au f\u00e9minin, pour exister vraiment et mieux se partager.<\/p>\n<\/div>\n\t\t<\/div><div id=\"panel-8-1-0-1\" class=\"so-panel widget widget_text panel-last-child\" data-index=\"3\" >\t\t\t<div class=\"textwidget\"><p>* L&rsquo;autod\u00e9fense, c&rsquo;est : Avoir confiance en soi \/ Savoir, Vouloir, Pouvoir se d\u00e9fendre soi-m\u00eame \/ Conna\u00eetre ses droits et avoir les moyens de les faire respecter \/ Refuser d&rsquo;\u00eatre une \u00a0\u00bbvictime\u00a0\u00bb (potentielle ou r\u00e9elle) de violence (verbale, psychologique, physique ou sexuelle) \/ Se d\u00e9fendre en cas de \u00ab l\u00e9gitime d\u00e9fense \u00bb \/ Conna\u00eetre les ressources auxquelles s&rsquo;adresser. Le Canada, le Qu\u00e9bec (WenDo ; Fem Do Chi) et l&rsquo;Autriche (Seito Boei) ont mis au point des techniques et des savoirs transmis par des stages d&rsquo;autod\u00e9fense f\u00e9ministe.<\/p>\n<p>**\u00ab La violence est un moyen de contr\u00f4le, une forme de pouvoir qu\u2019un individu exerce sur les autres pour obtenir par la contrainte quelque chose d\u2019eux, d\u2019elles, ou pour confirmer la sup\u00e9riorit\u00e9 qu\u2019il juge sienne. \u00bb. Mieux les identifier pour mieux se prot\u00e9ger : la violence (un moyen strat\u00e9gique et contraignant pour obtenir quelque chose) ; la col\u00e8re (une \u00e9motion) ; l&rsquo;agressivit\u00e9 (une pulsion).<\/p>\n<\/div>\n\t\t<\/div><\/div><\/div><\/div><\/div>","protected":false},"excerpt":{"rendered":"<p>Mieux outiller les femmes et les adolescentes contre les violences physiques et verbales. Faire conna\u00eetre et diffuser le Wendo en France. \u2022 Dispenser, en priorit\u00e9, des stages de pr\u00e9vention de la violence** et d\u2019autod\u00e9fense* pour les adolescentes et les femmes (selon la m\u00e9thode canadienne du Wendo, ses r\u00e8gles et ses principes) dans le Sud-Est de [&hellip;]<\/p>\n","protected":false},"author":1,"featured_media":0,"parent":0,"menu_order":0,"comment_status":"closed","ping_status":"closed","template":"","meta":{"_mc_calendar":[]},"_links":{"self":[{"href":"http:\/\/wendo-provence.fr\/index.php?rest_route=\/wp\/v2\/pages\/8"}],"collection":[{"href":"http:\/\/wendo-provence.fr\/index.php?rest_route=\/wp\/v2\/pages"}],"about":[{"href":"http:\/\/wendo-provence.fr\/index.php?rest_route=\/wp\/v2\/types\/page"}],"author":[{"embeddable":true,"href":"http:\/\/wendo-provence.fr\/index.php?rest_route=\/wp\/v2\/users\/1"}],"replies":[{"embeddable":true,"href":"http:\/\/wendo-provence.fr\/index.php?rest_route=%2Fwp%2Fv2%2Fcomments&post=8"}],"version-history":[{"count":38,"href":"http:\/\/wendo-provence.fr\/index.php?rest_route=\/wp\/v2\/pages\/8\/revisions"}],"predecessor-version":[{"id":1474,"href":"http:\/\/wendo-provence.fr\/index.php?rest_route=\/wp\/v2\/pages\/8\/revisions\/1474"}],"wp:attachment":[{"href":"http:\/\/wendo-provence.fr\/index.php?rest_route=%2Fwp%2Fv2%2Fmedia&parent=8"}],"curies":[{"name":"wp","href":"https:\/\/api.w.org\/{rel}","templated":true}]}}